{"id":4152,"date":"2023-08-25T21:25:22","date_gmt":"2023-08-25T21:25:22","guid":{"rendered":"https:\/\/lsd-legal.eu\/?page_id=4152"},"modified":"2025-12-26T10:15:23","modified_gmt":"2025-12-26T10:15:23","slug":"terms-of-service","status":"publish","type":"page","link":"https:\/\/lsd-legal.de\/en\/terms-of-service\/","title":{"rendered":"Terms of Service"},"content":{"rendered":"\n<p><strong>Allgemeine Gesch\u00e4ftsbedingungen (AGB)<\/strong><\/p>\n\n<p>inklusive Haftungsausschluss und Widerrufsbelehrung\u00a0<\/p>\n\n<p><u>1. Geltungsbereich<\/u><\/p>\n\n<p>Die nachfolgenden Allgemeinen Gesch\u00e4ftsbedingungen (AGB) gelten f\u00fcr alle Bestellungen bei der Cofana GmbH (nachfolgend: \u201eCofana GmbH\u201c). Unsere Angebote richten sich ausschlie\u00dflich an Verbraucher im Sinne des \u00a7 13 BGB. Dies ist jede nat\u00fcrliche Person, die ein Rechtsgesch\u00e4ft zu Zwecken abschlie\u00dft, die \u00fcberwiegend weder ihrer gewerblichen noch ihrer selbst\u00e4ndigen beruflichen T\u00e4tigkeit zugerechnet werden k\u00f6nnen. Wir schlie\u00dfen keine Vertr\u00e4ge mit Unternehmern im Sinne des \u00a7 14 Absatz 1 BGB. Unternehmer ist eine nat\u00fcrliche oder juristische Person oder eine rechtsf\u00e4hige Personengesellschaft, die bei Abschluss eines Rechtsgesch\u00e4fts in Aus\u00fcbung ihrer gewerblichen oder selbstst\u00e4ndigen beruflichen T\u00e4tigkeit handelt.\u00a0<\/p>\n\n<p><u>2. Vertragspartner, Vertragsschluss, Korrekturm\u00f6glichkeiten<\/u>\u00a0<\/p>\n\n<p>2.1 Der Kaufvertrag kommt mit der Cofana GmbH, Gesch\u00e4ftsf\u00fchrer: Daniel Becker und Manuel M\u00fchlhoff, Boxhagener Stra\u00dfe 72, 10245 Berlin zustande.\u00a0<\/p>\n\n<p>2.2 Die Darstellung der Produkte im Online-Shop stellt kein rechtlich bindendes Angebot, sondern nur eine Aufforderung zur Bestellung dar. Du kannst unsere Produkte zun\u00e4chst unverbindlich in den Warenkorb legen und Deine Eingaben vor Absenden einer verbindlichen Bestellung jederzeit korrigieren, indem Du die hierf\u00fcr im Bestellablauf vorgesehenen und erl\u00e4uterten Korrekturhilfen nutzst.\u00a0<\/p>\n\n<p>2.3 Durch Anklicken des Bestellbuttons gibst Du ein verbindliches Angebot \u00fcber die im Warenkorb enthaltenen Waren ab. Die Best\u00e4tigung des Zugangs Deiner Bestellung erfolgt per E-Mail unmittelbar nach dem Absenden der Bestellung.\u00a0<\/p>\n\n<p>2.4 Der Kaufvertrag kommt zustande, indem wir Dein Angebot innerhalb von zwei Tagen annehmen. Dies kann erfolgen, indem<br\/>\u2022 wir eine Annahmeerkl\u00e4rung in separater E-Mail abgeben oder<br\/>\u2022 wir die Ware ausliefern lassen oder<br\/>\u2022 gegebenenfalls die Zahlungstransaktion durchgef\u00fchrt wird.<br\/>Die f\u00fcr Dich relevante Alternative richtet sich danach, welches der vorbezeichneten Ereignisse zeitlich zuerst eintritt.\u00a0<\/p>\n\n<p><u>3. Vertragssprache, Vertragstextspeicherung<\/u>\u00a0<\/p>\n\n<p>3.1 Die f\u00fcr den Vertragsschluss zur Verf\u00fcgung stehende Sprache ist Deutsch.\u00a0<\/p>\n\n<p>3.2 Wir speichern den Vertragstext und senden Dir die Bestelldaten und unsere AGB in Textform zu. Der Vertragstext ist aus Sicherheitsgr\u00fcnden nicht mehr \u00fcber das Internet zug\u00e4nglich.\u00a0<\/p>\n\n<p><u>4. Widerruf<\/u>\u00a0<\/p>\n\n<p>4.1 Du hast das Recht, diesen Vertrag binnen vierzehn Tagen ohne Angabe von Gr\u00fcnden zu widerrufen. Die Widerrufsfrist betr\u00e4gt vierzehn Tage. Sie beginnt mit Vertragsschluss. Um Dein Widerrufsrecht auszu\u00fcben, musst Du uns<br\/>Cofana GmbH,<br\/>Daniel Becker,<br\/>Boxhagener Stra\u00dfe 72,<br\/>10245 Berlin<br\/>Telefon: 0176 43449927<br\/>E-Mail: info@lsd-legal.de\u00a0<\/p>\n\n<p>mittels einer eindeutigen Erkl\u00e4rung (mit einem mit der Post versandten Brief, Telefonanruf, E-Mail) \u00fcber Deinen Entschluss, den Vertrag zu widerrufen, informieren. Du kannst daf\u00fcr das beigef\u00fcgte Muster-Widerrufsformular verwenden. Dies ist jedoch nicht vorgeschrieben. Zur Fristwahrung gen\u00fcgt die rechtzeitige Absendung des Widerrufs.\u00a0<\/p>\n\n<p>4.2 Wenn Du den Vertrag wirksam widerrufen haben, haben wir Dir alle Zahlungen, die wir von Dir erhalten haben, einschlie\u00dflich der Lieferkosten (mit Ausnahme der zus\u00e4tzlichen Kosten, die sich daraus ergeben, dass Du eine andere Art der Lieferung als die von uns angebotene, g\u00fcnstigste Standardlieferung gew\u00e4hlt hast), unverz\u00fcglich und sp\u00e4testens binnen vierzehn Tagen ab dem Tag zur\u00fcckzuzahlen, an dem die Mitteilung \u00fcber Deinen Widerruf dieses Vertrags bei uns eingegangen ist. F\u00fcr diese R\u00fcckzahlung verwenden wir dasselbe Zahlungsmittel, das Du bei der urspr\u00fcnglichen Transaktion eingesetzt hast, es sei denn, mit Dir wurde ausdr\u00fccklich etwas anderes vereinbart.\u00a0<\/p>\n\n<p>4.3 Sobald der K\u00e4ufer die Ware erhalten hat, erlischt das Widerrufsrecht fr\u00fchzeitig, da es sich um Fernabsatzvertr\u00e4gen zur Lieferung von<br\/>\u2022 Waren, die schnell verderben k\u00f6nnen oder deren Verfallsdatum schnell \u00fcberschritten w\u00fcrde sowie<br\/>\u2022 versiegelten Waren, die aus Gr\u00fcnden des Gesundheitsschutzes oder der Hygiene nicht zur R\u00fcckgabe geeignet sind, handelt.\u00a0<\/p>\n\n<p>4.4. Wenn Du den Vertrag widerrufen m\u00f6chtest, nutze bitte die nachstehenden Angaben und sende diese an uns zur\u00fcck. Die Verwendung dieser Musterformulierung ist nicht notwendig.<\/p>\n\n<p>An<\/p>\n\n<p>Cofana GmbH<br\/>Herrn Daniel Becker<br\/>Boxhagener Stra\u00dfe 72, 10245 Berlin<br\/>oder an: info@lsd-legal.de\u00a0<\/p>\n\n<p>Hiermit widerrufe(n) ich\/wir den von mir\/uns abgeschlossenen Vertrag \u00fcberden Kauf der folgenden Waren:<br\/>&#8211; Name des\/der Verbraucher(s): [bitte einf\u00fcgen]<br\/>&#8211; Anschrift des\/der Verbraucher(s): [bitte einf\u00fcgen]<br\/>&#8211; Bestellung am: [bitte einf\u00fcgen]<br\/>&#8211; Bestellte Ware: [bitte einf\u00fcgen]<br\/>&#8211; Datum: [bitte einf\u00fcgen]<br\/>&#8211; Unterschrift des\/der Verbraucher, nur bei postalischem Widerruf: [bitte einf\u00fcgen]\u00a0<\/p>\n\n<p><u>5. Lieferbedingungen<\/u><\/p>\n\n<p>5.1 Die Lieferung erfolgt nur innerhalb Deutschlands mit DHL Paket. Die Versandkosten verstehen sich zuz\u00fcglich des Preises der Ware. N\u00e4heres zu den Versandkosten erf\u00e4hrst Du im Rahmen des\u00a0Bestellvorgangs.<\/p>\n\n<p>5.2 Es besteht grunds\u00e4tzlich die M\u00f6glichkeit der Abholung in den Gesch\u00e4ftsr\u00e4umen\u00a0der Cofana GmbH, Boxhagener Stra\u00dfe 72, 10245 Berlin zu den\u00a0Gesch\u00e4ftszeiten:<br\/>Montag bis Freitag, 11:00 Uhr bis 19:00 Uhr und Samstag 12:00 Uhr bis 18:00 Uhr<\/p>\n\n<p><u>6. Bezahlung<\/u><\/p>\n\n<p>6.1 Die Zahlung erfolgt per Vorkasse. Wir nennen Dir unsere Bankverbindung in einer separaten E-Mail und liefern die Ware nach Zahlungseingang.<\/p>\n\n<p>6.2 entf\u00e4llt<\/p>\n\n<p>6.3 Wenn Du Deine Bestellung in den Gesch\u00e4ftsr\u00e4umen der Cofana GbmH abholst (siehe 5.2), besteht die M\u00f6glichkeit der Barzahlung bei der Abholung.\u00a0<\/p>\n\n<p><u>7. Eigentumsvorbehalt<br\/><\/u>Die Ware bleibt die zur vollst\u00e4ndigen Bezahlung des Kaufpreises unser Eigentum.\u00a0<\/p>\n\n<p><u>8. Transportsch\u00e4den<br\/><\/u>Werden Waren mit offensichtlichen Transportsch\u00e4den angeliefert, so reklamiere solche Fehler bitte unverz\u00fcglich beim Zusteller und nimm Kontakt zu uns auf. Das Vers\u00e4umnis dieses Vorgehens hat keine Auswirkungen auf Deine gesetzlichen Anspr\u00fcche und deren Durchsetzung, insbesondere nicht auf Deine Gew\u00e4hrleistungsrechte. Du hilfst uns aber, unsere Anspr\u00fcche gegen\u00fcber dem Transportunternehmen geltend machen zu k\u00f6nnen.\u00a0<\/p>\n\n<p><u>9. Haftung und Haftungsausschluss<\/u>\u00a0<\/p>\n\n<p>9.1 F\u00fcr Anspr\u00fcche aufgrund von Sch\u00e4den, die durch uns, unsere gesetzlichenVertreter oder Erf\u00fcllungsgehilfen verursacht wurden, haften wir stets unbeschr\u00e4nkt<br\/>\u2022 bei Verletzung des Lebens, K\u00f6rpers oder der Gesundheit<br\/>\u2022 bei vors\u00e4tzlicher oder grob fahrl\u00e4ssiger Pflichtverletzung oder<br\/>\u2022 bei Garantieversprechen, soweit vereinbart.\u00a0<\/p>\n\n<p>9.2 Wir weisen ausdr\u00fccklich darauf hin, dass es sich bei unseren Produkten um Forschungschemikalien (auch Research Chemicals genannt) handelt. Dies sind synthetisch abgeleitete Stoffe, die nicht dazu bestimmt sind, von Menschen verzehrt oder zum Zweck des Konsums eingenommen zu werden. Unsere Produkte sind nur zur labortechnischen Analyse geeignet.\u00a0<\/p>\n\n<p>9.3 Es wird ausdr\u00fccklich davon abgeraten, die Produkte zu Konsumzwecken als Mensch oder Tier zu verzehren oder in irgendeiner Weise zu diesem Zweck weiterzuverarbeiten.\u00a0<\/p>\n\n<p>9.4 Die Cofana GmbH \u00fcbernimmt keine Haftung f\u00fcr etwaige Sch\u00e4den des Lebens, des K\u00f6rpers oder der Gesundheit, die auf einen unrechtm\u00e4\u00dfigen menschlichen Konsum, eine unsachgem\u00e4\u00dfe Handhabung oder Weiterverarbeitung zur\u00fcckzuf\u00fchren sind. Dies erfasst kurzfristige Beeintr\u00e4chtigungen wie beispielsweise Kreislaufprobleme, \u00dcbelkeit, Dehydration. Ferner sind auch langfristige negative Auswirkungen auf die k\u00f6rperliche Gesundheit davon umfasst.\u00a0<\/p>\n\n<p>9.5 Eine Haftung ist ebenfalls f\u00fcr psychische Sch\u00e4den oder Folgeerscheinungen, die aufgrund eines unrechtm\u00e4\u00dfigen menschlichen Konsums entstanden sind, ausgeschlossen. Auch dies bezieht sich auf kurzfristiges psychisches Unwohlsein sowie auf langfristige Folgen. Letztere umfassen etwa ausgel\u00f6ste Psychosen, die Hallucinogen Persisting Perception Disorder (HPPD) oder sonstige anhaltende psychische Folgeerscheinungen.\u00a0<\/p>\n\n<p>9.6 Eine Haftung wird ebenfalls f\u00fcr alle Sch\u00e4den ausgeschlossen, die mittelbar aus dem unrechtm\u00e4\u00dfigen Konsum entstehen. Dies umfasst alle Sch\u00e4den, die daraus entstehen, dass Konsumenten sich infolge des unrechtm\u00e4\u00dfigen Konsums Situationen aussetzen, die f\u00fcr sie gef\u00e4hrlich sein k\u00f6nnen.<\/p>\n\n<p><u>10. Gew\u00e4hrleistung und Garantien<\/u>\u00a0<\/p>\n\n<p>10.1 Es gilt das gesetzliche Gew\u00e4hrleistungsrecht.\u00a0<\/p>\n\n<p>10.2 Es kann keine Gew\u00e4hrleistung f\u00fcr die chemische Zusammensetzung der Produkte \u00fcbernommen werden.\u00a0<\/p>\n\n<p>10.3 Wir weisen nochmals darauf hin, dass es sich bei den angebotenen Produkten um Forschungschemikalien handelt, die nicht dazu bestimmt und geeignet sind, von Menschen konsumiert zu werden (siehe 9.2). Der Zweck der angebotenen Produkte beschr\u00e4nkt sich auf labortechnische Analysen. Daran bemisst sich auch die Beschaffenheit der Ware.\u00a0<\/p>\n\n<p><u>11. Streitbeilegung<\/u>\u00a0<\/p>\n\n<p>11.1 Die EU-Kommission hat eine Internetplattform zur Online-Beilegung von Streitigkeiten geschaffen. Die Plattform dient als Anlaufstelle zur au\u00dfergerichtlichen Beilegung von Streitigkeiten betreffend vertragliche Verpflichtungen, die aus Online-Kaufvertr\u00e4gen erwachsen.\u00a0<\/p>\n\n<p>11.2 Zur Teilnahme an einem Streitbeilegungsverfahren vor einer Verbraucherschlichtungsstelle sind wir weder verpflichtet noch bereit.\u00a0<\/p>\n\n<p>Cofana GmbH<\/p>\n","protected":false},"excerpt":{"rendered":"<p>Allgemeine Gesch\u00e4ftsbedingungen (AGB) inklusive Haftungsausschluss und Widerrufsbelehrung\u00a0 1. Geltungsbereich Die nachfolgenden Allgemeinen Gesch\u00e4ftsbedingungen (AGB) gelten f\u00fcr alle Bestellungen bei der Cofana GmbH (nachfolgend: \u201eCofana GmbH\u201c). Unsere Angebote richten sich ausschlie\u00dflich an Verbraucher im Sinne des \u00a7 13 BGB. Dies ist jede nat\u00fcrliche Person, die ein Rechtsgesch\u00e4ft zu Zwecken abschlie\u00dft, die \u00fcberwiegend weder ihrer gewerblichen noch [&hellip;]<\/p>\n","protected":false},"author":2,"featured_media":0,"parent":0,"menu_order":0,"comment_status":"closed","ping_status":"closed","template":"","meta":{"_acf_changed":false,"footnotes":""},"class_list":["post-4152","page","type-page","status-publish","hentry"],"acf":[],"_links":{"self":[{"href":"https:\/\/lsd-legal.de\/en\/wp-json\/wp\/v2\/pages\/4152","targetHints":{"allow":["GET"]}}],"collection":[{"href":"https:\/\/lsd-legal.de\/en\/wp-json\/wp\/v2\/pages"}],"about":[{"href":"https:\/\/lsd-legal.de\/en\/wp-json\/wp\/v2\/types\/page"}],"author":[{"embeddable":true,"href":"https:\/\/lsd-legal.de\/en\/wp-json\/wp\/v2\/users\/2"}],"replies":[{"embeddable":true,"href":"https:\/\/lsd-legal.de\/en\/wp-json\/wp\/v2\/comments?post=4152"}],"version-history":[{"count":13,"href":"https:\/\/lsd-legal.de\/en\/wp-json\/wp\/v2\/pages\/4152\/revisions"}],"predecessor-version":[{"id":93622,"href":"https:\/\/lsd-legal.de\/en\/wp-json\/wp\/v2\/pages\/4152\/revisions\/93622"}],"wp:attachment":[{"href":"https:\/\/lsd-legal.de\/en\/wp-json\/wp\/v2\/media?parent=4152"}],"curies":[{"name":"wp","href":"https:\/\/api.w.org\/{rel}","templated":true}]}}